{"id":17343,"date":"2024-03-28T13:26:20","date_gmt":"2024-03-28T12:26:20","guid":{"rendered":"https:\/\/gheestelic-hof.be\/essen-getraenke\/"},"modified":"2026-01-15T15:40:10","modified_gmt":"2026-01-15T14:40:10","slug":"essen-getraenke","status":"publish","type":"page","link":"https:\/\/gheestelic-hof.be\/de\/essen-getraenke\/","title":{"rendered":"Essen &amp; Getr\u00e4nke"},"content":{"rendered":"\t\t<div data-elementor-type=\"wp-page\" data-elementor-id=\"17343\" class=\"elementor elementor-17343 elementor-14146\">\n\t\t\t\t<div class=\"elementor-element elementor-element-add1369 e-con-full e-flex e-con e-parent\" data-id=\"add1369\" data-element_type=\"container\" data-e-type=\"container\">\n\t\t\t\t<div class=\"elementor-element elementor-element-3eae8dc elementor-widget elementor-widget-augustine_core_section_title\" data-id=\"3eae8dc\" data-element_type=\"widget\" data-e-type=\"widget\" data-widget_type=\"augustine_core_section_title.default\">\n\t\t\t\t<div class=\"elementor-widget-container\">\n\t\t\t\t\t<div class=\"qodef-shortcode qodef-m  qodef-section-title qodef-alignment--center    qodef-separator-appear \">\n\t\t<span class=\"qodef-m-separator\" ><\/span>\n\t\t\t<h3 class=\"qodef-m-title\" >\n\t\t\t\t\tSch\u00f6ne Drinks und tolle Stimmung\t\t\t<\/h3>\n\t\t<\/div>\t\t\t\t<\/div>\n\t\t\t\t<\/div>\n\t\t<div class=\"elementor-element elementor-element-7a5118d e-flex e-con-boxed e-con e-child\" data-id=\"7a5118d\" data-element_type=\"container\" data-e-type=\"container\">\n\t\t\t\t\t<div class=\"e-con-inner\">\n\t\t<div class=\"elementor-element elementor-element-2ac307d e-con-full e-flex e-con e-child\" data-id=\"2ac307d\" data-element_type=\"container\" data-e-type=\"container\">\n\t\t\t\t<div class=\"elementor-element elementor-element-67dd1e6 elementor-widget elementor-widget-augustine_core_section_title\" data-id=\"67dd1e6\" data-element_type=\"widget\" data-e-type=\"widget\" data-widget_type=\"augustine_core_section_title.default\">\n\t\t\t\t<div class=\"elementor-widget-container\">\n\t\t\t\t\t<div class=\"qodef-shortcode qodef-m  qodef-section-title qodef-alignment--center    qodef-separator-appear \">\n\t\t\t\t<h5 class=\"qodef-m-title\" >\n\t\t\t\t\tK\u00f6stliches Fr\u00fchst\u00fcck\t\t\t<\/h5>\n\t\t<\/div>\t\t\t\t<\/div>\n\t\t\t\t<\/div>\n\t\t\t\t<div class=\"elementor-element elementor-element-2659c6d elementor-widget__width-inherit elementor-widget elementor-widget-text-editor\" data-id=\"2659c6d\" data-element_type=\"widget\" data-e-type=\"widget\" data-widget_type=\"text-editor.default\">\n\t\t\t\t<div class=\"elementor-widget-container\">\n\t\t\t\t\t\t\t\t\t<p style=\"text-align: center;\"><strong>Fr\u00fchst\u00fcck :  <\/strong><\/p><p style=\"text-align: center;\"><strong>T\u00e4glich von 08:00 bis 10:00 Uhr<\/strong><\/p><p>Nach einer erholsamen Nacht starten Sie Ihren Tag mit einem k\u00f6stlichen, frisch zubereiteten Fr\u00fchst\u00fcck. Was k\u00f6nnte man sich mehr w\u00fcnschen? Unser umfangreiches Fr\u00fchst\u00fccksbuffet ist unsere \u201eCup of tea\u201c \u2013 mit Liebe f\u00fcr Sie zubereitet!   Wir bieten auch glutenfreie Produkte an. Genie\u00dfen Sie es!<\/p>\t\t\t\t\t\t\t\t<\/div>\n\t\t\t\t<\/div>\n\t\t\t\t<\/div>\n\t\t<div class=\"elementor-element elementor-element-01f4cc8 e-con-full e-flex e-con e-child\" data-id=\"01f4cc8\" data-element_type=\"container\" data-e-type=\"container\">\n\t\t\t\t<div class=\"elementor-element elementor-element-bfbc2d3 elementor-widget elementor-widget-augustine_core_image_gallery\" data-id=\"bfbc2d3\" data-element_type=\"widget\" data-e-type=\"widget\" data-widget_type=\"augustine_core_image_gallery.default\">\n\t\t\t\t<div class=\"elementor-widget-container\">\n\t\t\t\t\t<div class=\"qodef-shortcode qodef-m  qodef-image-gallery qodef-magnific-popup qodef-popup-gallery     qodef-grid qodef-swiper-container  qodef-gutter--normal qodef-col-num--1  qodef-responsive--predefined\" data-options=\"{&quot;slidesPerView&quot;:&quot;1&quot;,&quot;spaceBetween&quot;:30,&quot;loop&quot;:true,&quot;autoplay&quot;:true,&quot;speed&quot;:&quot;&quot;,&quot;speedAnimation&quot;:&quot;&quot;,&quot;centeredSlides&quot;:true,&quot;effect&quot;:&quot;fade&quot;}\" style=\"transition-delay: ms\">\n\t<div class=\"swiper-wrapper\">\n\t\t<div class=\"qodef-e qodef-image-wrapper qodef-grid-item swiper-slide\">\n\t\t\t<a class=\"qodef-popup-item\" itemprop=\"image\" href=\"https:\/\/gheestelic-hof.be\/wp-content\/uploads\/2024\/11\/Breakfast-4.webp\" data-type=\"image\" title=\"\">\n\t\t\t<img fetchpriority=\"high\" decoding=\"async\" width=\"1024\" height=\"683\" src=\"https:\/\/gheestelic-hof.be\/wp-content\/uploads\/2024\/11\/Breakfast-4.webp\" class=\"attachment-full size-full\" alt=\"\" srcset=\"https:\/\/gheestelic-hof.be\/wp-content\/uploads\/2024\/11\/Breakfast-4.webp 1024w, https:\/\/gheestelic-hof.be\/wp-content\/uploads\/2024\/11\/Breakfast-4-300x200.webp 300w, https:\/\/gheestelic-hof.be\/wp-content\/uploads\/2024\/11\/Breakfast-4-768x512.webp 768w\" sizes=\"(max-width: 1024px) 100vw, 1024px\" \/>\t\t\t<\/a>\n\t\t<\/div><div class=\"qodef-e qodef-image-wrapper qodef-grid-item swiper-slide\">\n\t\t\t<a class=\"qodef-popup-item\" itemprop=\"image\" href=\"https:\/\/gheestelic-hof.be\/wp-content\/uploads\/2024\/11\/Breakfast-3.webp\" data-type=\"image\" title=\"Breakfast-3\">\n\t\t\t<img decoding=\"async\" width=\"1024\" height=\"683\" src=\"https:\/\/gheestelic-hof.be\/wp-content\/uploads\/2024\/11\/Breakfast-3.webp\" class=\"attachment-full size-full\" alt=\"Breakfast-3\" srcset=\"https:\/\/gheestelic-hof.be\/wp-content\/uploads\/2024\/11\/Breakfast-3.webp 1024w, https:\/\/gheestelic-hof.be\/wp-content\/uploads\/2024\/11\/Breakfast-3-300x200.webp 300w, https:\/\/gheestelic-hof.be\/wp-content\/uploads\/2024\/11\/Breakfast-3-768x512.webp 768w\" sizes=\"(max-width: 1024px) 100vw, 1024px\" \/>\t\t\t<\/a>\n\t\t<\/div><div class=\"qodef-e qodef-image-wrapper qodef-grid-item swiper-slide\">\n\t\t\t<a class=\"qodef-popup-item\" itemprop=\"image\" href=\"https:\/\/gheestelic-hof.be\/wp-content\/uploads\/2024\/11\/Breakfast-2.webp\" data-type=\"image\" title=\"Breakfast\">\n\t\t\t<img decoding=\"async\" width=\"1024\" height=\"683\" src=\"https:\/\/gheestelic-hof.be\/wp-content\/uploads\/2024\/11\/Breakfast-2.webp\" class=\"attachment-full size-full\" alt=\"Breakfast\" srcset=\"https:\/\/gheestelic-hof.be\/wp-content\/uploads\/2024\/11\/Breakfast-2.webp 1024w, https:\/\/gheestelic-hof.be\/wp-content\/uploads\/2024\/11\/Breakfast-2-300x200.webp 300w, https:\/\/gheestelic-hof.be\/wp-content\/uploads\/2024\/11\/Breakfast-2-768x512.webp 768w\" sizes=\"(max-width: 1024px) 100vw, 1024px\" \/>\t\t\t<\/a>\n\t\t<\/div>\t<\/div>\n\t\t<div class=\"swiper-button-prev \"><svg  xmlns=\"http:\/\/www.w3.org\/2000\/svg\" xmlns:xlink=\"http:\/\/www.w3.org\/1999\/xlink\" x=\"0px\" y=\"0px\" viewBox=\"0 0 64 64\" stroke-width=\"2\" xml:space=\"preserve\"><polyline points=\"37,15 20,32 37,49\"\/><\/svg><\/div>\n\t<div class=\"swiper-button-next \"><svg  xmlns=\"http:\/\/www.w3.org\/2000\/svg\" xmlns:xlink=\"http:\/\/www.w3.org\/1999\/xlink\" x=\"0px\" y=\"0px\" viewBox=\"0 0 64 64\" stroke-width=\"2\" xml:space=\"preserve\"><polyline points=\"27,15 44,32 27,49\"\/><\/svg><\/div>\n\t<\/div>\t\t\t\t<\/div>\n\t\t\t\t<\/div>\n\t\t\t\t<\/div>\n\t\t\t\t\t<\/div>\n\t\t\t\t<\/div>\n\t\t\t\t<\/div>\n\t\t<div class=\"elementor-element elementor-element-bd06547 e-flex e-con-boxed e-con e-parent\" data-id=\"bd06547\" data-element_type=\"container\" data-e-type=\"container\">\n\t\t\t\t\t<div class=\"e-con-inner\">\n\t\t\t\t<div class=\"elementor-element elementor-element-263b3b3 elementor-widget elementor-widget-augustine_core_section_title\" data-id=\"263b3b3\" data-element_type=\"widget\" data-e-type=\"widget\" data-widget_type=\"augustine_core_section_title.default\">\n\t\t\t\t<div class=\"elementor-widget-container\">\n\t\t\t\t\t<div class=\"qodef-shortcode qodef-m  qodef-section-title qodef-alignment--center    qodef-separator-appear \">\n\t\t<span class=\"qodef-m-separator\" ><\/span>\n\t\t<p class=\"qodef-m-subtitle\" >Verf\u00fcgbar f\u00fcr alle CW Hotel Collection G\u00e4ste<\/p>\n\t\t<h3 class=\"qodef-m-title\" >\n\t\t\t\t\tAfternoon Tea @ Hotel Orangerie\t\t\t<\/h3>\n\t\t<\/div>\t\t\t\t<\/div>\n\t\t\t\t<\/div>\n\t\t\t\t<div class=\"elementor-element elementor-element-55f74ba elementor-widget elementor-widget-text-editor\" data-id=\"55f74ba\" data-element_type=\"widget\" data-e-type=\"widget\" data-widget_type=\"text-editor.default\">\n\t\t\t\t<div class=\"elementor-widget-container\">\n\t\t\t\t\t\t\t\t\t<p>Tauchen Sie ein in die Eleganz der britischen High Society mit unserem gro\u00dfz\u00fcgigen und gem\u00fctlichen Afternoon Tea. An sonnigen Tagen k\u00f6nnen Sie jede K\u00f6stlichkeit auf unserer Terrasse mit Blick auf die malerischen Kan\u00e4le von Br\u00fcgge genie\u00dfen. Wenn es drau\u00dfen k\u00fchler oder grau ist, bietet unser einladender Kamin den perfekten Rahmen f\u00fcr ein warmes und entspannendes Erlebnis. Darauf k\u00f6nnen Sie sich verlassen.    Wir freuen uns, Ihnen 3 verschiedene Optionen anbieten zu k\u00f6nnen:<\/p>\t\t\t\t\t\t\t\t<\/div>\n\t\t\t\t<\/div>\n\t\t\t\t\t<\/div>\n\t\t\t\t<\/div>\n\t\t<div class=\"elementor-element elementor-element-c22bb2a e-flex e-con-boxed e-con e-parent\" data-id=\"c22bb2a\" data-element_type=\"container\" data-e-type=\"container\">\n\t\t\t\t\t<div class=\"e-con-inner\">\n\t\t<div class=\"elementor-element elementor-element-da1ddf0 e-con-full e-flex e-con e-child\" data-id=\"da1ddf0\" data-element_type=\"container\" data-e-type=\"container\">\n\t\t<div class=\"elementor-element elementor-element-d03ce6d e-flex e-con-boxed e-con e-child\" data-id=\"d03ce6d\" data-element_type=\"container\" data-e-type=\"container\">\n\t\t\t\t\t<div class=\"e-con-inner\">\n\t\t\t\t<div class=\"elementor-element elementor-element-03c272c elementor-widget elementor-widget-augustine_core_image_gallery\" data-id=\"03c272c\" data-element_type=\"widget\" data-e-type=\"widget\" data-widget_type=\"augustine_core_image_gallery.default\">\n\t\t\t\t<div class=\"elementor-widget-container\">\n\t\t\t\t\t<div class=\"qodef-shortcode qodef-m  qodef-image-gallery qodef-magnific-popup qodef-popup-gallery     qodef-grid qodef-swiper-container  qodef-gutter--normal qodef-col-num--1  qodef-responsive--predefined\" data-options=\"{&quot;slidesPerView&quot;:&quot;1&quot;,&quot;spaceBetween&quot;:30,&quot;loop&quot;:true,&quot;autoplay&quot;:true,&quot;speed&quot;:&quot;&quot;,&quot;speedAnimation&quot;:&quot;&quot;,&quot;centeredSlides&quot;:true,&quot;effect&quot;:&quot;fade&quot;}\" style=\"transition-delay: ms\">\n\t<div class=\"swiper-wrapper\">\n\t\t<div class=\"qodef-e qodef-image-wrapper qodef-grid-item swiper-slide\">\n\t\t\t<a class=\"qodef-popup-item\" itemprop=\"image\" href=\"https:\/\/gheestelic-hof.be\/wp-content\/uploads\/2024\/04\/detail-teastand-7.jpg\" data-type=\"image\" title=\"\">\n\t\t\t<img loading=\"lazy\" decoding=\"async\" width=\"1152\" height=\"768\" src=\"https:\/\/gheestelic-hof.be\/wp-content\/uploads\/2024\/04\/detail-teastand-7.jpg\" class=\"attachment-full size-full\" alt=\"\" srcset=\"https:\/\/gheestelic-hof.be\/wp-content\/uploads\/2024\/04\/detail-teastand-7.jpg 1152w, https:\/\/gheestelic-hof.be\/wp-content\/uploads\/2024\/04\/detail-teastand-7-300x200.jpg 300w, https:\/\/gheestelic-hof.be\/wp-content\/uploads\/2024\/04\/detail-teastand-7-1024x683.jpg 1024w, https:\/\/gheestelic-hof.be\/wp-content\/uploads\/2024\/04\/detail-teastand-7-768x512.jpg 768w\" sizes=\"(max-width: 1152px) 100vw, 1152px\" \/>\t\t\t<\/a>\n\t\t<\/div><div class=\"qodef-e qodef-image-wrapper qodef-grid-item swiper-slide\">\n\t\t\t<a class=\"qodef-popup-item\" itemprop=\"image\" href=\"https:\/\/gheestelic-hof.be\/wp-content\/uploads\/2024\/04\/detail-teastand-6.jpg\" data-type=\"image\" title=\"\">\n\t\t\t<img loading=\"lazy\" decoding=\"async\" width=\"1134\" height=\"768\" src=\"https:\/\/gheestelic-hof.be\/wp-content\/uploads\/2024\/04\/detail-teastand-6.jpg\" class=\"attachment-full size-full\" alt=\"\" srcset=\"https:\/\/gheestelic-hof.be\/wp-content\/uploads\/2024\/04\/detail-teastand-6.jpg 1134w, https:\/\/gheestelic-hof.be\/wp-content\/uploads\/2024\/04\/detail-teastand-6-300x203.jpg 300w, https:\/\/gheestelic-hof.be\/wp-content\/uploads\/2024\/04\/detail-teastand-6-1024x694.jpg 1024w, https:\/\/gheestelic-hof.be\/wp-content\/uploads\/2024\/04\/detail-teastand-6-768x520.jpg 768w\" sizes=\"(max-width: 1134px) 100vw, 1134px\" \/>\t\t\t<\/a>\n\t\t<\/div><div class=\"qodef-e qodef-image-wrapper qodef-grid-item swiper-slide\">\n\t\t\t<a class=\"qodef-popup-item\" itemprop=\"image\" href=\"https:\/\/gheestelic-hof.be\/wp-content\/uploads\/2024\/04\/detail-teastand-5.jpg\" data-type=\"image\" title=\"\">\n\t\t\t<img loading=\"lazy\" decoding=\"async\" width=\"1287\" height=\"768\" src=\"https:\/\/gheestelic-hof.be\/wp-content\/uploads\/2024\/04\/detail-teastand-5.jpg\" class=\"attachment-full size-full\" alt=\"\" srcset=\"https:\/\/gheestelic-hof.be\/wp-content\/uploads\/2024\/04\/detail-teastand-5.jpg 1287w, https:\/\/gheestelic-hof.be\/wp-content\/uploads\/2024\/04\/detail-teastand-5-300x179.jpg 300w, https:\/\/gheestelic-hof.be\/wp-content\/uploads\/2024\/04\/detail-teastand-5-1024x611.jpg 1024w, https:\/\/gheestelic-hof.be\/wp-content\/uploads\/2024\/04\/detail-teastand-5-768x458.jpg 768w\" sizes=\"(max-width: 1287px) 100vw, 1287px\" \/>\t\t\t<\/a>\n\t\t<\/div><div class=\"qodef-e qodef-image-wrapper qodef-grid-item swiper-slide\">\n\t\t\t<a class=\"qodef-popup-item\" itemprop=\"image\" href=\"https:\/\/gheestelic-hof.be\/wp-content\/uploads\/2024\/04\/detail-teastand-3.jpg\" data-type=\"image\" title=\"\">\n\t\t\t<img loading=\"lazy\" decoding=\"async\" width=\"1152\" height=\"768\" src=\"https:\/\/gheestelic-hof.be\/wp-content\/uploads\/2024\/04\/detail-teastand-3.jpg\" class=\"attachment-full size-full\" alt=\"\" srcset=\"https:\/\/gheestelic-hof.be\/wp-content\/uploads\/2024\/04\/detail-teastand-3.jpg 1152w, https:\/\/gheestelic-hof.be\/wp-content\/uploads\/2024\/04\/detail-teastand-3-300x200.jpg 300w, https:\/\/gheestelic-hof.be\/wp-content\/uploads\/2024\/04\/detail-teastand-3-1024x683.jpg 1024w, https:\/\/gheestelic-hof.be\/wp-content\/uploads\/2024\/04\/detail-teastand-3-768x512.jpg 768w\" sizes=\"(max-width: 1152px) 100vw, 1152px\" \/>\t\t\t<\/a>\n\t\t<\/div><div class=\"qodef-e qodef-image-wrapper qodef-grid-item swiper-slide\">\n\t\t\t<a class=\"qodef-popup-item\" itemprop=\"image\" href=\"https:\/\/gheestelic-hof.be\/wp-content\/uploads\/2024\/04\/detail-teastand-4.jpg\" data-type=\"image\" title=\"\">\n\t\t\t<img loading=\"lazy\" decoding=\"async\" width=\"1267\" height=\"768\" src=\"https:\/\/gheestelic-hof.be\/wp-content\/uploads\/2024\/04\/detail-teastand-4.jpg\" class=\"attachment-full size-full\" alt=\"\" srcset=\"https:\/\/gheestelic-hof.be\/wp-content\/uploads\/2024\/04\/detail-teastand-4.jpg 1267w, https:\/\/gheestelic-hof.be\/wp-content\/uploads\/2024\/04\/detail-teastand-4-300x182.jpg 300w, https:\/\/gheestelic-hof.be\/wp-content\/uploads\/2024\/04\/detail-teastand-4-1024x621.jpg 1024w, https:\/\/gheestelic-hof.be\/wp-content\/uploads\/2024\/04\/detail-teastand-4-768x466.jpg 768w\" sizes=\"(max-width: 1267px) 100vw, 1267px\" \/>\t\t\t<\/a>\n\t\t<\/div>\t<\/div>\n\t\t<div class=\"swiper-button-prev \"><svg  xmlns=\"http:\/\/www.w3.org\/2000\/svg\" xmlns:xlink=\"http:\/\/www.w3.org\/1999\/xlink\" x=\"0px\" y=\"0px\" viewBox=\"0 0 64 64\" stroke-width=\"2\" xml:space=\"preserve\"><polyline points=\"37,15 20,32 37,49\"\/><\/svg><\/div>\n\t<div class=\"swiper-button-next \"><svg  xmlns=\"http:\/\/www.w3.org\/2000\/svg\" xmlns:xlink=\"http:\/\/www.w3.org\/1999\/xlink\" x=\"0px\" y=\"0px\" viewBox=\"0 0 64 64\" stroke-width=\"2\" xml:space=\"preserve\"><polyline points=\"27,15 44,32 27,49\"\/><\/svg><\/div>\n\t<\/div>\t\t\t\t<\/div>\n\t\t\t\t<\/div>\n\t\t\t\t\t<\/div>\n\t\t\t\t<\/div>\n\t\t\t\t<\/div>\n\t\t<div class=\"elementor-element elementor-element-256ee67 e-con-full e-flex e-con e-child\" data-id=\"256ee67\" data-element_type=\"container\" data-e-type=\"container\">\n\t\t<div class=\"elementor-element elementor-element-b7f60aa e-con-full e-flex e-con e-child\" data-id=\"b7f60aa\" data-element_type=\"container\" data-e-type=\"container\">\n\t\t\t\t<div class=\"elementor-element elementor-element-8273113 elementor-widget elementor-widget-augustine_core_icon_with_text\" data-id=\"8273113\" data-element_type=\"widget\" data-e-type=\"widget\" data-widget_type=\"augustine_core_icon_with_text.default\">\n\t\t\t\t<div class=\"elementor-widget-container\">\n\t\t\t\t\t<div class=\"qodef-shortcode qodef-m  qodef-icon-with-text qodef-layout--before-content qodef--icon-pack \">\n\t<div class=\"qodef-m-icon-wrapper\">\n\t\t<span class=\"qodef-shortcode qodef-m  qodef-icon-holder qodef-size--small qodef-layout--normal\"  >\t        <span class=\"qodef-icon-font-awesome fa fa-info-circle qodef-icon qodef-e\" style=\"\" ><\/span>    <\/span>\t<\/div>\n\t<div class=\"qodef-m-content\">\n\t\t\t\t\t<\/div>\n<\/div>\t\t\t\t<\/div>\n\t\t\t\t<\/div>\n\t\t\t\t<div class=\"elementor-element elementor-element-2635ae6 elementor-widget elementor-widget-text-editor\" data-id=\"2635ae6\" data-element_type=\"widget\" data-e-type=\"widget\" data-widget_type=\"text-editor.default\">\n\t\t\t\t<div class=\"elementor-widget-container\">\n\t\t\t\t\t\t\t\t\t<p>Die unten aufgef\u00fchrten Preise gelten f\u00fcr G\u00e4ste von CW Hotel Collection.<br>F\u00fcr Nicht-Hotelg\u00e4ste (Personen, die nicht in einem der Hotels von CW Hotel Collection zu Gast sind) wird f\u00fcr jede der unten aufgef\u00fchrten Optionen ein Aufpreis von 10 \u20ac berechnet.<\/p>\t\t\t\t\t\t\t\t<\/div>\n\t\t\t\t<\/div>\n\t\t\t\t<\/div>\n\t\t\t\t<div class=\"elementor-element elementor-element-b439433 elementor-widget elementor-widget-qi_addons_for_elementor_pricing_list\" data-id=\"b439433\" data-element_type=\"widget\" data-e-type=\"widget\" data-widget_type=\"qi_addons_for_elementor_pricing_list.default\">\n\t\t\t\t<div class=\"elementor-widget-container\">\n\t\t\t\t\t<div class=\"qodef-shortcode qodef-m qodef-qi-pricing-list qodef-pricing-line--solid qodef-layout--standard\">\n\t<div class=\"qodef-m-inner\">\n\t\t<div class=\"qodef-m-item qodef-e elementor-repeater-item-7517b98\">\n\t\t\t<div class=\"qodef-e-heading\">\n\t\t\t<h5 class=\"qodef-e-heading-title\">Cream Tea (Preis\/Person):<\/h5>\n\t\t\t\t\t\t<div class=\"qodef-e-heading-line\" ><\/div>\n\t\t\t\t\t\t\t<p class=\"qodef-e-heading-price\">\u20ac25<\/p>\n\t\t\t\t\t\t\t\t<\/div>\n\t\t\t\t<p class=\"qodef-e-description\">Zwei frisch gebackene Scones mit Clotted Cream und verschiedenen handwerklich hergestellten Marmeladen, begleitet von Kaffee oder einem unserer feinen Teesorten.<\/p>\n\t<\/div>\n<div class=\"qodef-m-item qodef-e elementor-repeater-item-306ad85\">\n\t\t\t<div class=\"qodef-e-heading\">\n\t\t\t<h5 class=\"qodef-e-heading-title\">Classic Afternoon Tea(Preis\/Person):<\/h5>\n\t\t\t\t\t\t<div class=\"qodef-e-heading-line\" ><\/div>\n\t\t\t\t\t\t\t<p class=\"qodef-e-heading-price\">\u20ac40<\/p>\n\t\t\t\t\t\t\t\t<\/div>\n\t\t\t\t<p class=\"qodef-e-description\">Zwei frisch gebackene Scones mit Clotted Cream und verschiedenen handwerklich hergestellten Marmeladen, eine Auswahl an Mini-Geb\u00e4ck, herzhafte Sandwiches und Kaffee oder einer unserer feinen Teesorten.\n<\/p>\n\t<\/div>\n<div class=\"qodef-m-item qodef-e elementor-repeater-item-72ca2a6\">\n\t\t\t<div class=\"qodef-e-heading\">\n\t\t\t<h5 class=\"qodef-e-heading-title\">Champagne Afternoon Tea (Preis\/Person):<\/h5>\n\t\t\t\t\t\t<div class=\"qodef-e-heading-line\" ><\/div>\n\t\t\t\t\t\t\t<p class=\"qodef-e-heading-price\">\u20ac50<\/p>\n\t\t\t\t\t\t\t\t<\/div>\n\t\t\t\t<p class=\"qodef-e-description\">Zwei frisch gebackene Scones mit Clotted Cream und verschiedenen handwerklich hergestellten Marmeladen, begleitet von einer Auswahl an Mini-Geb\u00e4ck, Finger-Sandwiches, Kaffee oder einem unserer erlesenen Tees. Und nat\u00fcrlich... ein Glas Sekt.\n<\/p>\n\t<\/div>\n\t<\/div>\n\t\t<\/div>\n\t\t\t\t<\/div>\n\t\t\t\t<\/div>\n\t\t\t\t<\/div>\n\t\t<div class=\"elementor-element elementor-element-ba06ba8 e-con-full e-flex e-con e-child\" data-id=\"ba06ba8\" data-element_type=\"container\" data-e-type=\"container\">\n\t\t\t\t<div class=\"elementor-element elementor-element-14ef5ec elementor-widget elementor-widget-qi_addons_for_elementor_faq\" data-id=\"14ef5ec\" data-element_type=\"widget\" data-e-type=\"widget\" data-widget_type=\"qi_addons_for_elementor_faq.default\">\n\t\t\t\t<div class=\"elementor-widget-container\">\n\t\t\t\t\t<div class=\"qodef-shortcode qodef-m qodef-qi-faq qodef-qi-clear qodef-behavior--none qodef-layout--simple qodef-style--border-between\">\n\t<h6 class=\"qodef-e-title-holder\">\n\t<span class=\"qodef-e-title\">\n\t\t\t<span class=\"qodef-e-number\">\n\t\t1.\t<\/span>\n\t\t\tWas ist, wenn ich nicht im Hotel Orangerie wohne?\t<\/span>\n\t<\/h6>\n<div class=\"qodef-e-content\">\n\t<div class=\"qodef-e-content-inner\">\n\t\t<p>Kein Problem! Jeder ist herzlich eingeladen, vorbeizukommen und unser Hotel und den Afternoon Tea kennenzulernen! <br>F\u00fcr Nicht-Hotelg\u00e4ste (Personen, die nicht in einem der Hotels von CW Hotel Collection zu Gast sind) wird f\u00fcr jede der unten aufgef\u00fchrten Optionen ein Aufpreis von 10 \u20ac berechnet.<\/p>\t<\/div>\n<\/div>\n<h6 class=\"qodef-e-title-holder\">\n\t<span class=\"qodef-e-title\">\n\t\t\t<span class=\"qodef-e-number\">\n\t\t2.\t<\/span>\n\t\t\tUm wie viel Uhr ist der Afternoon Tea?\t<\/span>\n\t<\/h6>\n<div class=\"qodef-e-content\">\n\t<div class=\"qodef-e-content-inner\">\n\t\t<p>Afternoon Tea time: t\u00e4glich zwischen 14:30 und 16:30 Uhr<\/p>\t<\/div>\n<\/div>\n<h6 class=\"qodef-e-title-holder\">\n\t<span class=\"qodef-e-title\">\n\t\t\t<span class=\"qodef-e-number\">\n\t\t3.\t<\/span>\n\t\t\tWie lautet die Adresse?\t<\/span>\n\t<\/h6>\n<div class=\"qodef-e-content\">\n\t<div class=\"qodef-e-content-inner\">\n\t\t<p>Kommen Sie zu uns in die: Kartuizerinnenstraat 10, Br\u00fcgge (Direkt hinter dem Belfort Tower)<\/p>\t<\/div>\n<\/div>\n<h6 class=\"qodef-e-title-holder\">\n\t<span class=\"qodef-e-title\">\n\t\t\t<span class=\"qodef-e-number\">\n\t\t4.\t<\/span>\n\t\t\tIst eine Reservierung immer notwendig?\t<\/span>\n\t<\/h6>\n<div class=\"qodef-e-content\">\n\t<div class=\"qodef-e-content-inner\">\n\t\t<p>Ja, eine Reservierung ist immer notwendig.<\/p>\t<\/div>\n<\/div>\n<h6 class=\"qodef-e-title-holder\">\n\t<span class=\"qodef-e-title\">\n\t\t\t<span class=\"qodef-e-number\">\n\t\t5.\t<\/span>\n\t\t\tWie kann ich eine Reservierung vornehmen?\t<\/span>\n\t<\/h6>\n<div class=\"qodef-e-content\">\n\t<div class=\"qodef-e-content-inner\">\n\t\t<p>Reservieren Sie auf unserer Website, schicken Sie uns eine E-Mail an info@hotelorangerie.be oder rufen Sie uns an 032(0)50 341 649<\/p>\t<\/div>\n<\/div>\n<\/div>\n\t<script type=\"application\/ld+json\">{\"@context\":\"https:\\\/\\\/schema.org\",\"@type\":\"FAQPage\",\"mainEntity\":[{\"@type\":\"Question\",\"name\":\"Was ist, wenn ich nicht im Hotel Orangerie wohne?\",\"acceptedAnswer\":{\"@type\":\"Answer\",\"text\":\"<p>Kein Problem! Jeder ist herzlich eingeladen, vorbeizukommen und unser Hotel und den Afternoon Tea kennenzulernen! <br>F\\u00fcr Nicht-Hotelg\\u00e4ste (Personen, die nicht in einem der Hotels von CW Hotel Collection zu Gast sind) wird f\\u00fcr jede der unten aufgef\\u00fchrten Optionen ein Aufpreis von 10 \\u20ac berechnet.<\\\/p>\"}},{\"@type\":\"Question\",\"name\":\"Um wie viel Uhr ist der Afternoon Tea?\",\"acceptedAnswer\":{\"@type\":\"Answer\",\"text\":\"<p>Afternoon Tea time: t\\u00e4glich zwischen 14:30 und 16:30 Uhr<\\\/p>\"}},{\"@type\":\"Question\",\"name\":\"Wie lautet die Adresse?\",\"acceptedAnswer\":{\"@type\":\"Answer\",\"text\":\"<p>Kommen Sie zu uns in die: Kartuizerinnenstraat 10, Br\\u00fcgge (Direkt hinter dem Belfort Tower)<\\\/p>\"}},{\"@type\":\"Question\",\"name\":\"Ist eine Reservierung immer notwendig?\",\"acceptedAnswer\":{\"@type\":\"Answer\",\"text\":\"<p>Ja, eine Reservierung ist immer notwendig.<\\\/p>\"}},{\"@type\":\"Question\",\"name\":\"Wie kann ich eine Reservierung vornehmen?\",\"acceptedAnswer\":{\"@type\":\"Answer\",\"text\":\"<p>Reservieren Sie auf unserer Website, schicken Sie uns eine E-Mail an info@hotelorangerie.be oder rufen Sie uns an 032(0)50 341 649<\\\/p>\"}}]}<\/script>\n\t\t\t\t<\/div>\n\t\t\t\t<\/div>\n\t\t\t\t<\/div>\n\t\t\t\t\t<\/div>\n\t\t\t\t<\/div>\n\t\t\t\t<\/div>\n\t\t","protected":false},"excerpt":{"rendered":"<p>Sch\u00f6ne Drinks und tolle Stimmung K\u00f6stliches Fr\u00fchst\u00fcck Fr\u00fchst\u00fcck : T\u00e4glich von 08:00 bis 10:00 Uhr Nach einer erholsamen Nacht starten Sie Ihren Tag mit einem k\u00f6stlichen, frisch zubereiteten Fr\u00fchst\u00fcck. Was k\u00f6nnte man sich mehr w\u00fcnschen? Unser umfangreiches Fr\u00fchst\u00fccksbuffet ist unsere \u201eCup of tea\u201c \u2013 mit Liebe f\u00fcr Sie zubereitet! Wir bieten auch glutenfreie Produkte an. [&hellip;]<\/p>\n","protected":false},"author":3,"featured_media":0,"parent":0,"menu_order":0,"comment_status":"closed","ping_status":"closed","template":"page-full-width.php","meta":{"footnotes":""},"class_list":["post-17343","page","type-page","status-publish","hentry"],"_links":{"self":[{"href":"https:\/\/gheestelic-hof.be\/de\/wp-json\/wp\/v2\/pages\/17343","targetHints":{"allow":["GET"]}}],"collection":[{"href":"https:\/\/gheestelic-hof.be\/de\/wp-json\/wp\/v2\/pages"}],"about":[{"href":"https:\/\/gheestelic-hof.be\/de\/wp-json\/wp\/v2\/types\/page"}],"author":[{"embeddable":true,"href":"https:\/\/gheestelic-hof.be\/de\/wp-json\/wp\/v2\/users\/3"}],"replies":[{"embeddable":true,"href":"https:\/\/gheestelic-hof.be\/de\/wp-json\/wp\/v2\/comments?post=17343"}],"version-history":[{"count":16,"href":"https:\/\/gheestelic-hof.be\/de\/wp-json\/wp\/v2\/pages\/17343\/revisions"}],"predecessor-version":[{"id":19729,"href":"https:\/\/gheestelic-hof.be\/de\/wp-json\/wp\/v2\/pages\/17343\/revisions\/19729"}],"wp:attachment":[{"href":"https:\/\/gheestelic-hof.be\/de\/wp-json\/wp\/v2\/media?parent=17343"}],"curies":[{"name":"wp","href":"https:\/\/api.w.org\/{rel}","templated":true}]}}