{"id":17330,"date":"2021-02-11T13:27:33","date_gmt":"2021-02-11T12:27:33","guid":{"rendered":"https:\/\/gheestelic-hof.be\/habitaciones\/"},"modified":"2025-11-17T16:45:51","modified_gmt":"2025-11-17T15:45:51","slug":"habitaciones","status":"publish","type":"page","link":"https:\/\/gheestelic-hof.be\/es\/habitaciones\/","title":{"rendered":"Habitaciones"},"content":{"rendered":"\t\t<div data-elementor-type=\"wp-page\" data-elementor-id=\"17330\" class=\"elementor elementor-17330 elementor-9506\">\n\t\t\t\t<div class=\"elementor-element elementor-element-6b1a504 e-flex e-con-boxed e-con e-parent\" data-id=\"6b1a504\" data-element_type=\"container\" data-e-type=\"container\">\n\t\t\t\t\t<div class=\"e-con-inner\">\n\t\t\t\t<div class=\"elementor-element elementor-element-b1af6a7 elementor-widget elementor-widget-augustine_core_section_title\" data-id=\"b1af6a7\" data-element_type=\"widget\" data-e-type=\"widget\" data-widget_type=\"augustine_core_section_title.default\">\n\t\t\t\t<div class=\"elementor-widget-container\">\n\t\t\t\t\t<div class=\"qodef-shortcode qodef-m  qodef-section-title qodef-alignment--center     \">\n\t\t\t\t<h3 class=\"qodef-m-title\" >\n\t\t\t\t\tServicios en todas las habitaciones:\t\t\t<\/h3>\n\t\t<\/div>\t\t\t\t<\/div>\n\t\t\t\t<\/div>\n\t\t<div class=\"elementor-element elementor-element-d188276 e-con-full e-flex e-con e-child\" data-id=\"d188276\" data-element_type=\"container\" data-e-type=\"container\">\n\t\t<div class=\"elementor-element elementor-element-0c6cdd2 e-con-full e-flex e-con e-child\" data-id=\"0c6cdd2\" data-element_type=\"container\" data-e-type=\"container\">\n\t\t\t\t<div class=\"elementor-element elementor-element-c99a43d elementor-list-item-link-inline elementor-icon-list--layout-traditional elementor-widget elementor-widget-icon-list\" data-id=\"c99a43d\" data-element_type=\"widget\" data-e-type=\"widget\" data-widget_type=\"icon-list.default\">\n\t\t\t\t<div class=\"elementor-widget-container\">\n\t\t\t\t\t\t\t<ul class=\"elementor-icon-list-items\">\n\t\t\t\t\t\t\t<li class=\"elementor-icon-list-item\">\n\t\t\t\t\t\t\t\t\t\t\t<span class=\"elementor-icon-list-icon\">\n\t\t\t\t\t\t\t<svg aria-hidden=\"true\" class=\"e-font-icon-svg e-fas-mug-hot\" viewBox=\"0 0 512 512\" xmlns=\"http:\/\/www.w3.org\/2000\/svg\"><path d=\"M127.1 146.5c1.3 7.7 8 13.5 16 13.5h16.5c9.8 0 17.6-8.5 16.3-18-3.8-28.2-16.4-54.2-36.6-74.7-14.4-14.7-23.6-33.3-26.4-53.5C111.8 5.9 105 0 96.8 0H80.4C70.6 0 63 8.5 64.1 18c3.9 31.9 18 61.3 40.6 84.4 12 12.2 19.7 27.5 22.4 44.1zm112 0c1.3 7.7 8 13.5 16 13.5h16.5c9.8 0 17.6-8.5 16.3-18-3.8-28.2-16.4-54.2-36.6-74.7-14.4-14.7-23.6-33.3-26.4-53.5C223.8 5.9 217 0 208.8 0h-16.4c-9.8 0-17.5 8.5-16.3 18 3.9 31.9 18 61.3 40.6 84.4 12 12.2 19.7 27.5 22.4 44.1zM400 192H32c-17.7 0-32 14.3-32 32v192c0 53 43 96 96 96h192c53 0 96-43 96-96h16c61.8 0 112-50.2 112-112s-50.2-112-112-112zm0 160h-16v-96h16c26.5 0 48 21.5 48 48s-21.5 48-48 48z\"><\/path><\/svg>\t\t\t\t\t\t<\/span>\n\t\t\t\t\t\t\t\t\t\t<span class=\"elementor-icon-list-text\">Caf\u00e9 y t\u00e9<\/span>\n\t\t\t\t\t\t\t\t\t<\/li>\n\t\t\t\t\t\t\t\t<li class=\"elementor-icon-list-item\">\n\t\t\t\t\t\t\t\t\t\t\t<span class=\"elementor-icon-list-icon\">\n\t\t\t\t\t\t\t<svg aria-hidden=\"true\" class=\"e-font-icon-svg e-fas-bath\" viewBox=\"0 0 512 512\" xmlns=\"http:\/\/www.w3.org\/2000\/svg\"><path d=\"M32,384a95.4,95.4,0,0,0,32,71.09V496a16,16,0,0,0,16,16h32a16,16,0,0,0,16-16V480H384v16a16,16,0,0,0,16,16h32a16,16,0,0,0,16-16V455.09A95.4,95.4,0,0,0,480,384V336H32ZM496,256H80V69.25a21.26,21.26,0,0,1,36.28-15l19.27,19.26c-13.13,29.88-7.61,59.11,8.62,79.73l-.17.17A16,16,0,0,0,144,176l11.31,11.31a16,16,0,0,0,22.63,0L283.31,81.94a16,16,0,0,0,0-22.63L272,48a16,16,0,0,0-22.62,0l-.17.17c-20.62-16.23-49.83-21.75-79.73-8.62L150.22,20.28A69.25,69.25,0,0,0,32,69.25V256H16A16,16,0,0,0,0,272v16a16,16,0,0,0,16,16H496a16,16,0,0,0,16-16V272A16,16,0,0,0,496,256Z\"><\/path><\/svg>\t\t\t\t\t\t<\/span>\n\t\t\t\t\t\t\t\t\t\t<span class=\"elementor-icon-list-text\">Albornoz y zapatillas gratis<\/span>\n\t\t\t\t\t\t\t\t\t<\/li>\n\t\t\t\t\t\t\t\t<li class=\"elementor-icon-list-item\">\n\t\t\t\t\t\t\t\t\t\t\t<span class=\"elementor-icon-list-icon\">\n\t\t\t\t\t\t\t<svg xmlns=\"http:\/\/www.w3.org\/2000\/svg\" xmlns:xlink=\"http:\/\/www.w3.org\/1999\/xlink\" fill=\"#000000\" height=\"800px\" width=\"800px\" viewBox=\"0 0 297 297\"><path d=\"m227.181,261.618l-24.526-171.672c-0.736-5.152-5.148-8.979-10.353-8.979h-5.553c-3.688-13.475-14.317-24.103-27.791-27.791v-32.26h32.68c5.775,0 10.458-4.682 10.458-10.458s-4.683-10.458-10.458-10.458h-69.021c-0.07,0-0.141,0.001-0.211,0.002-14.522,0.293-36.129,10.213-36.129,36.339 0,5.775 4.683,10.458 10.458,10.458 5.775,0 10.458-4.682 10.458-10.458 0-13.683 11.924-15.271 15.584-15.425h15.266v32.26c-13.475,3.688-24.103,14.317-27.791,27.791h-5.553c-5.204,0-9.616,3.827-10.353,8.979l-24.527,171.672c-1.645,8.703 0.623,17.599 6.246,24.459 5.691,6.942 14.102,10.923 23.078,10.923h98.712c8.976,0 17.388-3.981 23.08-10.923 5.623-6.859 7.892-15.757 6.246-24.459zm-26.456-37.299h-41.767v-65.361h32.429l9.338,65.361zm-52.225-151.638c6.466-1.42109e-14 12.176,3.291 15.547,8.286h-31.094c3.371-4.995 9.081-8.286 15.547-8.286zm56.26,200.135c-1.001,1.22-3.228,3.268-6.905,3.268h-98.712c-3.676,0-5.903-2.048-6.904-3.268-1.001-1.22-2.572-3.806-1.851-7.411 0.038-0.19 0.07-0.38 0.098-0.572l23.281-162.951h69.464l5.166,36.16h-39.897c-5.775,0-10.458,4.682-10.458,10.458v86.276c0,5.775 4.682,10.458 10.458,10.458h55.213l2.8,19.599c0.028,0.192 0.06,0.382 0.098,0.572 0.721,3.605-0.85,6.191-1.851,7.411z\"><\/path><\/svg>\t\t\t\t\t\t<\/span>\n\t\t\t\t\t\t\t\t\t\t<span class=\"elementor-icon-list-text\">Art\u00edculos de aseo de primera calidad (Atelier Rebul)<\/span>\n\t\t\t\t\t\t\t\t\t<\/li>\n\t\t\t\t\t\t\t\t<li class=\"elementor-icon-list-item\">\n\t\t\t\t\t\t\t\t\t\t\t<span class=\"elementor-icon-list-icon\">\n\t\t\t\t\t\t\t<svg aria-hidden=\"true\" class=\"e-font-icon-svg e-fas-glass-cheers\" viewBox=\"0 0 640 512\" xmlns=\"http:\/\/www.w3.org\/2000\/svg\"><path d=\"M639.4 433.6c-8.4-20.4-31.8-30.1-52.2-21.6l-22.1 9.2-38.7-101.9c47.9-35 64.8-100.3 34.5-152.8L474.3 16c-8-13.9-25.1-19.7-40-13.6L320 49.8 205.7 2.4c-14.9-6.2-32-.3-40 13.6L79.1 166.5C48.9 219 65.7 284.3 113.6 319.2L74.9 421.1l-22.1-9.2c-20.4-8.5-43.7 1.2-52.2 21.6-1.7 4.1.2 8.8 4.3 10.5l162.3 67.4c4.1 1.7 8.7-.2 10.4-4.3 8.4-20.4-1.2-43.8-21.6-52.3l-22.1-9.2L173.3 342c4.4.5 8.8 1.3 13.1 1.3 51.7 0 99.4-33.1 113.4-85.3l20.2-75.4 20.2 75.4c14 52.2 61.7 85.3 113.4 85.3 4.3 0 8.7-.8 13.1-1.3L506 445.6l-22.1 9.2c-20.4 8.5-30.1 31.9-21.6 52.3 1.7 4.1 6.4 6 10.4 4.3L635.1 444c4-1.7 6-6.3 4.3-10.4zM275.9 162.1l-112.1-46.5 36.5-63.4 94.5 39.2-18.9 70.7zm88.2 0l-18.9-70.7 94.5-39.2 36.5 63.4-112.1 46.5z\"><\/path><\/svg>\t\t\t\t\t\t<\/span>\n\t\t\t\t\t\t\t\t\t\t<span class=\"elementor-icon-list-text\">Minibar<\/span>\n\t\t\t\t\t\t\t\t\t<\/li>\n\t\t\t\t\t\t<\/ul>\n\t\t\t\t\t\t<\/div>\n\t\t\t\t<\/div>\n\t\t\t\t<\/div>\n\t\t<div class=\"elementor-element elementor-element-3bd38f5 e-con-full e-flex e-con e-child\" data-id=\"3bd38f5\" data-element_type=\"container\" data-e-type=\"container\">\n\t\t\t\t<div class=\"elementor-element elementor-element-35e1fee elementor-list-item-link-inline elementor-icon-list--layout-traditional elementor-widget elementor-widget-icon-list\" data-id=\"35e1fee\" data-element_type=\"widget\" data-e-type=\"widget\" data-widget_type=\"icon-list.default\">\n\t\t\t\t<div class=\"elementor-widget-container\">\n\t\t\t\t\t\t\t<ul class=\"elementor-icon-list-items\">\n\t\t\t\t\t\t\t<li class=\"elementor-icon-list-item\">\n\t\t\t\t\t\t\t\t\t\t\t<span class=\"elementor-icon-list-icon\">\n\t\t\t\t\t\t\t<svg xmlns=\"http:\/\/www.w3.org\/2000\/svg\" xmlns:xlink=\"http:\/\/www.w3.org\/1999\/xlink\" fill=\"#000000\" id=\"Layer_1\" viewBox=\"0 0 512 512\" xml:space=\"preserve\"><g>\t<g>\t\t<rect y=\"0.001\" width=\"235.016\" height=\"50.361\"><\/rect>\t<\/g><\/g><g>\t<g>\t\t<rect y=\"92.328\" width=\"235.016\" height=\"50.36\"><\/rect>\t<\/g><\/g><g>\t<g>\t\t<polygon points=\"0,184.656 0,235.016 71.344,235.016 163.672,235.016 235.016,235.016 235.016,184.656   \"><\/polygon>\t<\/g><\/g><g>\t<g>\t\t<rect x=\"461.638\" y=\"0.001\" width=\"50.361\" height=\"235.016\"><\/rect>\t<\/g><\/g><g>\t<g>\t\t<rect x=\"369.31\" y=\"0.001\" width=\"50.36\" height=\"235.016\"><\/rect>\t<\/g><\/g><g>\t<g>\t\t<polygon points=\"276.983,0.001 276.983,71.345 276.983,163.672 276.983,235.016 327.343,235.016 327.343,0.001   \"><\/polygon>\t<\/g><\/g><g>\t<g>\t\t<rect x=\"276.983\" y=\"461.639\" width=\"235.016\" height=\"50.361\"><\/rect>\t<\/g><\/g><g>\t<g>\t\t<rect x=\"276.983\" y=\"369.311\" width=\"235.016\" height=\"50.36\"><\/rect>\t<\/g><\/g><g>\t<g>\t\t<polygon points=\"440.656,276.984 348.327,276.984 276.983,276.984 276.983,327.344 512,327.344 512,276.984   \"><\/polygon>\t<\/g><\/g><g>\t<g>\t\t<rect y=\"276.984\" width=\"50.361\" height=\"235.016\"><\/rect>\t<\/g><\/g><g>\t<g>\t\t<rect x=\"92.328\" y=\"276.984\" width=\"50.36\" height=\"235.016\"><\/rect>\t<\/g><\/g><g>\t<g>\t\t<polygon points=\"184.655,276.984 184.655,511.999 235.016,511.999 235.016,440.655 235.016,348.328 235.016,276.984   \"><\/polygon>\t<\/g><\/g><\/svg>\t\t\t\t\t\t<\/span>\n\t\t\t\t\t\t\t\t\t\t<span class=\"elementor-icon-list-text\">Suelo de parqu\u00e9 o moqueta<\/span>\n\t\t\t\t\t\t\t\t\t<\/li>\n\t\t\t\t\t\t\t\t<li class=\"elementor-icon-list-item\">\n\t\t\t\t\t\t\t\t\t\t\t<span class=\"elementor-icon-list-icon\">\n\t\t\t\t\t\t\t<svg aria-hidden=\"true\" class=\"e-font-icon-svg e-fas-tv\" viewBox=\"0 0 640 512\" xmlns=\"http:\/\/www.w3.org\/2000\/svg\"><path d=\"M592 0H48A48 48 0 0 0 0 48v320a48 48 0 0 0 48 48h240v32H112a16 16 0 0 0-16 16v32a16 16 0 0 0 16 16h416a16 16 0 0 0 16-16v-32a16 16 0 0 0-16-16H352v-32h240a48 48 0 0 0 48-48V48a48 48 0 0 0-48-48zm-16 352H64V64h512z\"><\/path><\/svg>\t\t\t\t\t\t<\/span>\n\t\t\t\t\t\t\t\t\t\t<span class=\"elementor-icon-list-text\">TV con canales v\u00eda sat\u00e9lite<\/span>\n\t\t\t\t\t\t\t\t\t<\/li>\n\t\t\t\t\t\t\t\t<li class=\"elementor-icon-list-item\">\n\t\t\t\t\t\t\t\t\t\t\t<span class=\"elementor-icon-list-icon\">\n\t\t\t\t\t\t\t<svg aria-hidden=\"true\" class=\"e-font-icon-svg e-fas-wifi\" viewBox=\"0 0 640 512\" xmlns=\"http:\/\/www.w3.org\/2000\/svg\"><path d=\"M634.91 154.88C457.74-8.99 182.19-8.93 5.09 154.88c-6.66 6.16-6.79 16.59-.35 22.98l34.24 33.97c6.14 6.1 16.02 6.23 22.4.38 145.92-133.68 371.3-133.71 517.25 0 6.38 5.85 16.26 5.71 22.4-.38l34.24-33.97c6.43-6.39 6.3-16.82-.36-22.98zM320 352c-35.35 0-64 28.65-64 64s28.65 64 64 64 64-28.65 64-64-28.65-64-64-64zm202.67-83.59c-115.26-101.93-290.21-101.82-405.34 0-6.9 6.1-7.12 16.69-.57 23.15l34.44 33.99c6 5.92 15.66 6.32 22.05.8 83.95-72.57 209.74-72.41 293.49 0 6.39 5.52 16.05 5.13 22.05-.8l34.44-33.99c6.56-6.46 6.33-17.06-.56-23.15z\"><\/path><\/svg>\t\t\t\t\t\t<\/span>\n\t\t\t\t\t\t\t\t\t\t<span class=\"elementor-icon-list-text\">Wifi gratuito<\/span>\n\t\t\t\t\t\t\t\t\t<\/li>\n\t\t\t\t\t\t<\/ul>\n\t\t\t\t\t\t<\/div>\n\t\t\t\t<\/div>\n\t\t\t\t<\/div>\n\t\t\t\t<\/div>\n\t\t\t\t\t<\/div>\n\t\t\t\t<\/div>\n\t\t\t\t<section class=\"elementor-section elementor-top-section elementor-element elementor-element-14741b2 qodef-elementor-content-grid elementor-section-boxed elementor-section-height-default elementor-section-height-default\" data-id=\"14741b2\" data-element_type=\"section\" data-e-type=\"section\">\n\t\t\t\t\t\t<div class=\"elementor-container elementor-column-gap-default\">\n\t\t\t\t\t<div class=\"elementor-column elementor-col-100 elementor-top-column elementor-element elementor-element-e7e0e1f\" data-id=\"e7e0e1f\" data-element_type=\"column\" data-e-type=\"column\">\n\t\t\t<div class=\"elementor-widget-wrap elementor-element-populated\">\n\t\t\t\t\t\t<div class=\"elementor-element elementor-element-ff69361 elementor-widget elementor-widget-augustine_core_room_list\" data-id=\"ff69361\" data-element_type=\"widget\" data-e-type=\"widget\" data-widget_type=\"augustine_core_room_list.default\">\n\t\t\t\t<div class=\"elementor-widget-container\">\n\t\t\t\t\t<div class=\"qodef-shortcode qodef-m  qodef-room-list qodef-layout--boxed   qodef-skin--default qodef-grid qodef-layout--columns  qodef-gutter--normal qodef-col-num--2 qodef-item-layout--boxed qodef-pagination--on qodef-pagination-type--load-more qodef-responsive--custom qodef-col-num--1440--2 qodef-col-num--1366--2 qodef-col-num--1024--2 qodef-col-num--768--1 qodef-col-num--680--1 qodef-col-num--480--1\" data-options=\"{&quot;plugin&quot;:&quot;augustine_core&quot;,&quot;module&quot;:&quot;post-types\\\/room\\\/shortcodes&quot;,&quot;shortcode&quot;:&quot;room-list&quot;,&quot;post_type&quot;:&quot;room&quot;,&quot;next_page&quot;:&quot;2&quot;,&quot;max_pages_num&quot;:1,&quot;list_skin&quot;:&quot;default&quot;,&quot;posts_per_page&quot;:&quot;8&quot;,&quot;orderby&quot;:&quot;date&quot;,&quot;order&quot;:&quot;ASC&quot;,&quot;behavior&quot;:&quot;columns&quot;,&quot;images_proportion&quot;:&quot;full&quot;,&quot;columns&quot;:&quot;2&quot;,&quot;columns_responsive&quot;:&quot;custom&quot;,&quot;columns_1440&quot;:&quot;2&quot;,&quot;columns_1366&quot;:&quot;2&quot;,&quot;columns_1024&quot;:&quot;2&quot;,&quot;columns_768&quot;:&quot;1&quot;,&quot;columns_680&quot;:&quot;1&quot;,&quot;columns_480&quot;:&quot;1&quot;,&quot;space&quot;:&quot;normal&quot;,&quot;layout&quot;:&quot;boxed&quot;,&quot;title_tag&quot;:&quot;h5&quot;,&quot;excerpt_length&quot;:&quot;2&quot;,&quot;content_bottom_margin&quot;:&quot;65px&quot;,&quot;pagination_type&quot;:&quot;load-more&quot;,&quot;pagination_type_load_more_top_margin&quot;:&quot;margin-top:65px&quot;,&quot;object_class_name&quot;:&quot;AugustineCoreRoomListShortcode&quot;,&quot;unique&quot;:&quot;1&quot;,&quot;item_classes&quot;:&quot;qodef-e qodef-room-list-item qodef-grid-item&quot;,&quot;content_style&quot;:[&quot;margin-bottom: 65px&quot;],&quot;space_value&quot;:15}\">\n\t\t<div class=\"qodef-grid-inner clear\">\n\t\t<article class=\"qodef-e qodef-room-list-item qodef-grid-item qodef-item--full\">\n\t<div class=\"qodef-e-inner\">\n\t\t<div class=\"qodef-e-media\">\n\t\t\t<div class=\"qodef-e-img-holder\">\n\t\t\t\t\t<div class=\"qodef-e-media-image\" data-swiper-parallax=\"27%\">\n\t\t<a itemprop=\"url\" href=\"https:\/\/gheestelic-hof.be\/es\/room\/habitacion-triple\/\">\n\t\t\t<img fetchpriority=\"high\" decoding=\"async\" width=\"1024\" height=\"683\" src=\"https:\/\/gheestelic-hof.be\/wp-content\/uploads\/2024\/11\/Triple-room-7.webp\" class=\"attachment-full size-full\" alt=\"Triple-room-7\" srcset=\"https:\/\/gheestelic-hof.be\/wp-content\/uploads\/2024\/11\/Triple-room-7.webp 1024w, https:\/\/gheestelic-hof.be\/wp-content\/uploads\/2024\/11\/Triple-room-7-300x200.webp 300w, https:\/\/gheestelic-hof.be\/wp-content\/uploads\/2024\/11\/Triple-room-7-768x512.webp 768w\" sizes=\"(max-width: 1024px) 100vw, 1024px\" \/>\t\t<\/a>\n\t<\/div>\n\t\t\t\t\t\t\t\t<\/div>\n\t\t<\/div>\n\t\t<div class=\"qodef-e-content\">\n\t\t\t<div class=\"qodef-e-heading\">\n\t\t\t\t<h5 itemprop=\"name\" class=\"qodef-e-title entry-title\" >\n\t<a itemprop=\"url\" href=\"https:\/\/gheestelic-hof.be\/es\/room\/habitacion-triple\/\">\n\t\tTriple Room\t<\/a>\n<\/h5>\t\t\t<\/div>\n\t\t\t<div class=\"qodef-e-info-items\">\n\t\t\t\t\t\t\t\t    <div class=\"qodef-e-capacity\">\n\t\tCapacidad:          <span class=\"qodef-e-capacity-content\">\n\t\t1-3 personas\t\t<\/span>\n    <\/div>\n\t\t\t<\/div>\n\t\t\t\t\t\t<div class=\"qodef-e-button\">\n\t<a class=\"qodef-shortcode qodef-m  qodef-button qodef-layout--textual qodef-size--normal qodef-html--link \" href=\"https:\/\/gheestelic-hof.be\/es\/room\/habitacion-triple\/\" target=\"_self\"  >\t<span class=\"qodef-m-text\">Book Room<\/span><\/a>\t\t<\/div>\t\t<\/div>\n\t<\/div>\n<\/article><article class=\"qodef-e qodef-room-list-item qodef-grid-item qodef-item--full\">\n\t<div class=\"qodef-e-inner\">\n\t\t<div class=\"qodef-e-media\">\n\t\t\t<div class=\"qodef-e-img-holder\">\n\t\t\t\t\t<div class=\"qodef-e-media-image\" data-swiper-parallax=\"27%\">\n\t\t<a itemprop=\"url\" href=\"https:\/\/gheestelic-hof.be\/es\/room\/habitacion-superior\/\">\n\t\t\t<img decoding=\"async\" width=\"1024\" height=\"683\" src=\"https:\/\/gheestelic-hof.be\/wp-content\/uploads\/2024\/11\/Superior-room-12.webp\" class=\"attachment-full size-full\" alt=\"Superior-room\" srcset=\"https:\/\/gheestelic-hof.be\/wp-content\/uploads\/2024\/11\/Superior-room-12.webp 1024w, https:\/\/gheestelic-hof.be\/wp-content\/uploads\/2024\/11\/Superior-room-12-300x200.webp 300w, https:\/\/gheestelic-hof.be\/wp-content\/uploads\/2024\/11\/Superior-room-12-768x512.webp 768w\" sizes=\"(max-width: 1024px) 100vw, 1024px\" \/>\t\t<\/a>\n\t<\/div>\n\t\t\t\t\t\t\t\t<\/div>\n\t\t<\/div>\n\t\t<div class=\"qodef-e-content\">\n\t\t\t<div class=\"qodef-e-heading\">\n\t\t\t\t<h5 itemprop=\"name\" class=\"qodef-e-title entry-title\" >\n\t<a itemprop=\"url\" href=\"https:\/\/gheestelic-hof.be\/es\/room\/habitacion-superior\/\">\n\t\tSuperior Room\t<\/a>\n<\/h5>\t\t\t<\/div>\n\t\t\t<div class=\"qodef-e-info-items\">\n\t\t\t\t    <div class=\"qodef-e-room-size\">\n\t\tTalla:          <span class=\"qodef-e-room-size-content\">\n\t\t\t12 - 14 m2\t\t<\/span>\n    <\/div>\n\t\t\t\t    <div class=\"qodef-e-capacity\">\n\t\tCapacidad:          <span class=\"qodef-e-capacity-content\">\n\t\t1-2 personas\t\t<\/span>\n    <\/div>\n\t\t\t<\/div>\n\t\t\t\t\t\t<div class=\"qodef-e-button\">\n\t<a class=\"qodef-shortcode qodef-m  qodef-button qodef-layout--textual qodef-size--normal qodef-html--link \" href=\"https:\/\/gheestelic-hof.be\/es\/room\/habitacion-superior\/\" target=\"_self\"  >\t<span class=\"qodef-m-text\">Book Room<\/span><\/a>\t\t<\/div>\t\t<\/div>\n\t<\/div>\n<\/article><article class=\"qodef-e qodef-room-list-item qodef-grid-item qodef-item--full\">\n\t<div class=\"qodef-e-inner\">\n\t\t<div class=\"qodef-e-media\">\n\t\t\t<div class=\"qodef-e-img-holder\">\n\t\t\t\t\t<div class=\"qodef-e-media-image\" data-swiper-parallax=\"27%\">\n\t\t<a itemprop=\"url\" href=\"https:\/\/gheestelic-hof.be\/es\/room\/habitacion-acogedora\/\">\n\t\t\t<img decoding=\"async\" width=\"1024\" height=\"683\" src=\"https:\/\/gheestelic-hof.be\/wp-content\/uploads\/2024\/11\/Cosy-room-15.webp\" class=\"attachment-full size-full\" alt=\"Cosy-room-15\" srcset=\"https:\/\/gheestelic-hof.be\/wp-content\/uploads\/2024\/11\/Cosy-room-15.webp 1024w, https:\/\/gheestelic-hof.be\/wp-content\/uploads\/2024\/11\/Cosy-room-15-300x200.webp 300w, https:\/\/gheestelic-hof.be\/wp-content\/uploads\/2024\/11\/Cosy-room-15-768x512.webp 768w\" sizes=\"(max-width: 1024px) 100vw, 1024px\" \/>\t\t<\/a>\n\t<\/div>\n\t\t\t\t\t\t\t\t<\/div>\n\t\t<\/div>\n\t\t<div class=\"qodef-e-content\">\n\t\t\t<div class=\"qodef-e-heading\">\n\t\t\t\t<h5 itemprop=\"name\" class=\"qodef-e-title entry-title\" >\n\t<a itemprop=\"url\" href=\"https:\/\/gheestelic-hof.be\/es\/room\/habitacion-acogedora\/\">\n\t\tCosy Room\t<\/a>\n<\/h5>\t\t\t<\/div>\n\t\t\t<div class=\"qodef-e-info-items\">\n\t\t\t\t    <div class=\"qodef-e-room-size\">\n\t\tTalla:          <span class=\"qodef-e-room-size-content\">\n\t\t\t11-12 m2\t\t<\/span>\n    <\/div>\n\t\t\t\t    <div class=\"qodef-e-capacity\">\n\t\tCapacidad:          <span class=\"qodef-e-capacity-content\">\n\t\t1-2 personas\t\t<\/span>\n    <\/div>\n\t\t\t<\/div>\n\t\t\t\t\t\t<div class=\"qodef-e-button\">\n\t<a class=\"qodef-shortcode qodef-m  qodef-button qodef-layout--textual qodef-size--normal qodef-html--link \" href=\"https:\/\/gheestelic-hof.be\/es\/room\/habitacion-acogedora\/\" target=\"_self\"  >\t<span class=\"qodef-m-text\">Book Room<\/span><\/a>\t\t<\/div>\t\t<\/div>\n\t<\/div>\n<\/article><article class=\"qodef-e qodef-room-list-item qodef-grid-item qodef-item--full\">\n\t<div class=\"qodef-e-inner\">\n\t\t<div class=\"qodef-e-media\">\n\t\t\t<div class=\"qodef-e-img-holder\">\n\t\t\t\t\t<div class=\"qodef-e-media-image\" data-swiper-parallax=\"27%\">\n\t\t<a itemprop=\"url\" href=\"https:\/\/gheestelic-hof.be\/es\/room\/habitacion-extra-pequena\/\">\n\t\t\t<img loading=\"lazy\" decoding=\"async\" width=\"1024\" height=\"683\" src=\"https:\/\/gheestelic-hof.be\/wp-content\/uploads\/2024\/11\/Extra-small-room-2.webp\" class=\"attachment-full size-full\" alt=\"Extra-small-room-2\" srcset=\"https:\/\/gheestelic-hof.be\/wp-content\/uploads\/2024\/11\/Extra-small-room-2.webp 1024w, https:\/\/gheestelic-hof.be\/wp-content\/uploads\/2024\/11\/Extra-small-room-2-300x200.webp 300w, https:\/\/gheestelic-hof.be\/wp-content\/uploads\/2024\/11\/Extra-small-room-2-768x512.webp 768w\" sizes=\"(max-width: 1024px) 100vw, 1024px\" \/>\t\t<\/a>\n\t<\/div>\n\t\t\t\t\t\t\t\t<\/div>\n\t\t<\/div>\n\t\t<div class=\"qodef-e-content\">\n\t\t\t<div class=\"qodef-e-heading\">\n\t\t\t\t<h5 itemprop=\"name\" class=\"qodef-e-title entry-title\" >\n\t<a itemprop=\"url\" href=\"https:\/\/gheestelic-hof.be\/es\/room\/habitacion-extra-pequena\/\">\n\t\tExtra Small Room\t<\/a>\n<\/h5>\t\t\t<\/div>\n\t\t\t<div class=\"qodef-e-info-items\">\n\t\t\t\t    <div class=\"qodef-e-room-size\">\n\t\tTalla:          <span class=\"qodef-e-room-size-content\">\n\t\t\t11 m2\t\t<\/span>\n    <\/div>\n\t\t\t\t    <div class=\"qodef-e-capacity\">\n\t\tCapacidad:          <span class=\"qodef-e-capacity-content\">\n\t\t1-2 personas\t\t<\/span>\n    <\/div>\n\t\t\t<\/div>\n\t\t\t\t\t\t<div class=\"qodef-e-button\">\n\t<a class=\"qodef-shortcode qodef-m  qodef-button qodef-layout--textual qodef-size--normal qodef-html--link \" href=\"https:\/\/gheestelic-hof.be\/es\/room\/habitacion-extra-pequena\/\" target=\"_self\"  >\t<span class=\"qodef-m-text\">Book Room<\/span><\/a>\t\t<\/div>\t\t<\/div>\n\t<\/div>\n<\/article>\t<\/div>\n\t<\/div>\t\t\t\t<\/div>\n\t\t\t\t<\/div>\n\t\t\t\t\t<\/div>\n\t\t<\/div>\n\t\t\t\t\t<\/div>\n\t\t<\/section>\n\t\t\t\t<\/div>\n\t\t","protected":false},"excerpt":{"rendered":"<p>Servicios en todas las habitaciones: Caf\u00e9 y t\u00e9 Albornoz y zapatillas gratis Art\u00edculos de aseo de primera calidad (Atelier Rebul) Minibar Suelo de parqu\u00e9 o moqueta TV con canales v\u00eda sat\u00e9lite Wifi gratuito Triple Room Capacity: 1-3 persons Book Room Superior Room Size: 12 &#8211; 14 m2 Capacity: 1-2 persons Book Room Cosy Room Size: [&hellip;]<\/p>\n","protected":false},"author":2,"featured_media":0,"parent":0,"menu_order":0,"comment_status":"closed","ping_status":"closed","template":"page-full-width.php","meta":{"footnotes":""},"class_list":["post-17330","page","type-page","status-publish","hentry"],"_links":{"self":[{"href":"https:\/\/gheestelic-hof.be\/es\/wp-json\/wp\/v2\/pages\/17330","targetHints":{"allow":["GET"]}}],"collection":[{"href":"https:\/\/gheestelic-hof.be\/es\/wp-json\/wp\/v2\/pages"}],"about":[{"href":"https:\/\/gheestelic-hof.be\/es\/wp-json\/wp\/v2\/types\/page"}],"author":[{"embeddable":true,"href":"https:\/\/gheestelic-hof.be\/es\/wp-json\/wp\/v2\/users\/2"}],"replies":[{"embeddable":true,"href":"https:\/\/gheestelic-hof.be\/es\/wp-json\/wp\/v2\/comments?post=17330"}],"version-history":[{"count":7,"href":"https:\/\/gheestelic-hof.be\/es\/wp-json\/wp\/v2\/pages\/17330\/revisions"}],"predecessor-version":[{"id":19208,"href":"https:\/\/gheestelic-hof.be\/es\/wp-json\/wp\/v2\/pages\/17330\/revisions\/19208"}],"wp:attachment":[{"href":"https:\/\/gheestelic-hof.be\/es\/wp-json\/wp\/v2\/media?parent=17330"}],"curies":[{"name":"wp","href":"https:\/\/api.w.org\/{rel}","templated":true}]}}